{"id":23243,"date":"2024-05-14T10:05:26","date_gmt":"2024-05-14T10:05:26","guid":{"rendered":"http:\/\/125.212.131.52\/cdc\/?page_id=23243"},"modified":"2025-09-16T06:44:42","modified_gmt":"2025-09-16T06:44:42","slug":"co-cau-to-chuc","status":"publish","type":"page","link":"https:\/\/cdchaiphong.gov.vn\/index.php\/co-cau-to-chuc\/","title":{"rendered":"C\u01a1 c\u1ea5u t\u1ed5 ch\u1ee9c"},"content":{"rendered":"<div id=\"tdi_1\" class=\"tdc-zone\"><div class=\"tdc_zone tdi_2  wpb_row td-pb-row\"  >\n<style scoped>\n\n\/* custom css *\/\n.tdi_2{\r\n                    min-height: 0;\r\n                }\n<\/style><div id=\"tdi_3\" class=\"tdc-row\"><div class=\"vc_row tdi_4  wpb_row td-pb-row\" >\n<style scoped>\n\n\/* custom css *\/\n.tdi_4,\r\n                .tdi_4 .tdc-columns{\r\n                    min-height: 0;\r\n                }.tdi_4,\r\n\t\t\t\t.tdi_4 .tdc-columns{\r\n\t\t\t\t    display: block;\r\n\t\t\t\t}.tdi_4 .tdc-columns{\r\n\t\t\t\t    width: 100%;\r\n\t\t\t\t}\n<\/style><div class=\"vc_column tdi_6  wpb_column vc_column_container tdc-column td-pb-span12\">\n<style scoped>\n\n\/* custom css *\/\n.tdi_6{\r\n                    vertical-align: baseline;\r\n                }.tdi_6 > .wpb_wrapper,\r\n\t\t\t\t.tdi_6 > .wpb_wrapper > .tdc-elements{\r\n\t\t\t\t    display: block;\r\n\t\t\t\t}.tdi_6 > .wpb_wrapper > .tdc-elements{\r\n\t\t\t\t    width: 100%;\r\n\t\t\t\t}.tdi_6 > .wpb_wrapper{\r\n\t\t\t\t    width: auto;\r\n\t\t\t\t    height: auto;\r\n\t\t\t\t}\n<\/style><div class=\"wpb_wrapper\"><div class=\"wpb_wrapper td_block_wrap vc_raw_html tdi_8 \"><div class=\"td-fix-index\"><!DOCTYPE html>\n<html lang=\"vi\">\n\n<head>\n    <meta charset=\"UTF-8\">\n    <meta name=\"viewport\" content=\"width=device-width, initial-scale=1.0\">\n    <title>C\u01a1 c\u1ea5u t\u1ed5 ch\u1ee9c <\/title>\n    <style>\n        body {\n            font-family: Arial, sans-serif;\n            background-color: #f4f4f4;\n            margin: 0;\n            padding: 0;\n        }\n\n        section {\n            max-width: 1000px;\n            margin: 10px auto;\n            padding: 20px;\n            background-color: #fff;\n            box-shadow: 0 0 10px rgba(0, 0, 0, 0.1);\n        }\n        h1  {\n            text-align: center;\n        }\n        h1, h2, h3 {\n            color: #333;\n        }\n\n        p, li {\n            line-height: 1.6;\n            color: #555;\n            text-align:justify;\n        }\n        p {\n            margin: 10px 0px 3px;\n        }\n        ul {\n            margin-top: 0;\n            padding-left: 20px;\n        }\n        h2  {\n            justify-content: center;\n            text-align: center;\n        }\n        \/* Lo\u1ea1i b\u1ecf d\u1ea5u ch\u1ea5m \u0111\u1ea7u d\u00f2ng cho c\u00e1c m\u1ee5c \"Gi\u00e1m \u0111\u1ed1c\" v\u00e0 \"C\u00e1c Ph\u00f3 Gi\u00e1m \u0111\u1ed1c\" *\/\n        li.no-bullet {\n            list-style-type: none;\n            margin-left: -5px;\n        }\n    <\/style>\n<\/head>\n\n<body>\n    <section>\n        <h2>C\u01a1 c\u1ea5u t\u1ed5 ch\u1ee9c <\/h2>\n        <p>\n            <strong>I. Ban Gi\u00e1m \u0111\u1ed1c:<\/strong> \n            <ul> \n                <li class=\"no-bullet\">Gi\u00e1m \u0111\u1ed1c: <\/li>\n                <li>Th\u1ea1c s\u0129, BSCKII. \u0110\u1ed3ng Trung Ki\u00ean<\/li>\n                <li class=\"no-bullet\">Ph\u00f3 Gi\u00e1m \u0111\u1ed1c:<\/li>\n                <li>Th\u1ea1c s\u0129, BS. Nguy\u1ec5n V\u0103n Hinh<\/li>\n                <li>BS.CKII. Nguy\u1ec5n Duy H\u00f9ng<\/li>\n                <li>Th\u1ea1c s\u0129, BSCKII. Nguy\u1ec5n Ph\u00fac Thi\u1ec7n<\/li>\n            <\/ul>\n        <\/p>      \n        <p>\n            <strong>II. C\u00e1c ph\u00f2ng ch\u1ee9c n\u0103ng:<\/strong><br>\n            <ul>\n                <li>Ph\u00f2ng T\u1ed5 ch\u1ee9c \u2013 H\u00e0nh ch\u00ednh;<\/li>\n                <li>Ph\u00f2ng K\u1ebf ho\u1ea1ch \u2013 Nghi\u1ec7p v\u1ee5;<\/li>\n                <li>Ph\u00f2ng T\u00e0i ch\u00ednh \u2013 K\u1ebf to\u00e1n<\/li>\n            <\/ul>\n        <\/p>\n        <p>\n            <strong>III. C\u00e1c khoa chuy\u00ean m\u00f4n:<\/strong><br>\n            <ul>\n                <li>Khoa Ph\u00f2ng, ch\u1ed1ng b\u1ec7nh truy\u1ec1n nhi\u1ec5m;<\/li>\n                <li>Khoa Ph\u00f2ng, ch\u1ed1ng HIV\/AIDS;<\/li>\n                <li>Khoa Ph\u00f2ng, ch\u1ed1ng c\u00e1c b\u1ec7nh kh\u00f4ng l\u00e2y nhi\u1ec5m;<\/li>\n                <li>Khoa Dinh d\u01b0\u1ee1ng;<\/li>\n                <li>Khoa S\u1ee9c kh\u1ecfe m\u00f4i tr\u01b0\u1eddng \u2013 Y t\u1ebf tr\u01b0\u1eddng h\u1ecdc;<\/li>\n                <li>Khoa B\u1ec7nh ngh\u1ec1 nghi\u1ec7p;<\/li>\n                <li>Khoa S\u1ee9c kh\u1ecfe sinh s\u1ea3n;<\/li>\n                <li>Khoa Truy\u1ec1n th\u00f4ng, gi\u00e1o d\u1ee5c s\u1ee9c kh\u1ecfe;<\/li>\n                <li>Khoa K\u00fd sinh tr\u00f9ng \u2013 C\u00f4n tr\u00f9ng;<\/li>\n                <li>Khoa D\u01b0\u1ee3c \u2013 V\u1eadt t\u01b0 y t\u1ebf;<\/li>\n                <li>Khoa X\u00e9t nghi\u1ec7m \u2013 Ch\u1ea9n \u0111o\u00e1n h\u00ecnh \u1ea3nh \u2013 Th\u0103m d\u00f2 ch\u1ee9c n\u0103ng;<\/li>\n                <li>Ph\u00f2ng kh\u00e1m \u0111a khoa<\/li>\n            <\/ul>\n        <\/p>\n    <\/section>\n<\/body>\n\n<\/html>\n<\/div><\/div><\/div><\/div><\/div><\/div><\/div><\/div>","protected":false},"excerpt":{"rendered":"","protected":false},"author":1,"featured_media":0,"parent":0,"menu_order":0,"comment_status":"closed","ping_status":"closed","template":"","meta":{"tdm_status":"","tdm_grid_status":"","footnotes":""},"class_list":["post-23243","page","type-page","status-publish"],"_links":{"self":[{"href":"https:\/\/cdchaiphong.gov.vn\/index.php\/wp-json\/wp\/v2\/pages\/23243","targetHints":{"allow":["GET"]}}],"collection":[{"href":"https:\/\/cdchaiphong.gov.vn\/index.php\/wp-json\/wp\/v2\/pages"}],"about":[{"href":"https:\/\/cdchaiphong.gov.vn\/index.php\/wp-json\/wp\/v2\/types\/page"}],"author":[{"embeddable":true,"href":"https:\/\/cdchaiphong.gov.vn\/index.php\/wp-json\/wp\/v2\/users\/1"}],"replies":[{"embeddable":true,"href":"https:\/\/cdchaiphong.gov.vn\/index.php\/wp-json\/wp\/v2\/comments?post=23243"}],"version-history":[{"count":5,"href":"https:\/\/cdchaiphong.gov.vn\/index.php\/wp-json\/wp\/v2\/pages\/23243\/revisions"}],"predecessor-version":[{"id":26038,"href":"https:\/\/cdchaiphong.gov.vn\/index.php\/wp-json\/wp\/v2\/pages\/23243\/revisions\/26038"}],"wp:attachment":[{"href":"https:\/\/cdchaiphong.gov.vn\/index.php\/wp-json\/wp\/v2\/media?parent=23243"}],"curies":[{"name":"wp","href":"https:\/\/api.w.org\/{rel}","templated":true}]}}