{"id":23239,"date":"2024-05-14T10:03:29","date_gmt":"2024-05-14T10:03:29","guid":{"rendered":"http:\/\/125.212.131.52\/cdc\/?page_id=23239"},"modified":"2024-05-15T02:06:01","modified_gmt":"2024-05-15T02:06:01","slug":"chuc-nang-nhiem-vu","status":"publish","type":"page","link":"https:\/\/cdchaiphong.gov.vn\/index.php\/chuc-nang-nhiem-vu\/","title":{"rendered":"Ch\u1ee9c n\u0103ng nhi\u1ec7m v\u1ee5"},"content":{"rendered":"<div id=\"tdi_1\" class=\"tdc-zone\"><div class=\"tdc_zone tdi_2  wpb_row td-pb-row\"  >\n<style scoped>\n\n\/* custom css *\/\n.tdi_2{\r\n                    min-height: 0;\r\n                }\n<\/style><div id=\"tdi_3\" class=\"tdc-row\"><div class=\"vc_row tdi_4  wpb_row td-pb-row\" >\n<style scoped>\n\n\/* custom css *\/\n.tdi_4,\r\n                .tdi_4 .tdc-columns{\r\n                    min-height: 0;\r\n                }.tdi_4,\r\n\t\t\t\t.tdi_4 .tdc-columns{\r\n\t\t\t\t    display: block;\r\n\t\t\t\t}.tdi_4 .tdc-columns{\r\n\t\t\t\t    width: 100%;\r\n\t\t\t\t}\n<\/style><div class=\"vc_column tdi_6  wpb_column vc_column_container tdc-column td-pb-span12\">\n<style scoped>\n\n\/* custom css *\/\n.tdi_6{\r\n                    vertical-align: baseline;\r\n                }.tdi_6 > .wpb_wrapper,\r\n\t\t\t\t.tdi_6 > .wpb_wrapper > .tdc-elements{\r\n\t\t\t\t    display: block;\r\n\t\t\t\t}.tdi_6 > .wpb_wrapper > .tdc-elements{\r\n\t\t\t\t    width: 100%;\r\n\t\t\t\t}.tdi_6 > .wpb_wrapper{\r\n\t\t\t\t    width: auto;\r\n\t\t\t\t    height: auto;\r\n\t\t\t\t}\n<\/style><div class=\"wpb_wrapper\"><div class=\"wpb_wrapper td_block_wrap vc_raw_html tdi_8 \"><div class=\"td-fix-index\"><!DOCTYPE html>\n<html lang=\"vi\">\n\n<head>\n    <meta charset=\"UTF-8\">\n    <meta name=\"viewport\" content=\"width=device-width, initial-scale=1.0\">\n    <title>Ch\u1ee9c n\u0103ng, nhi\u1ec7m v\u1ee5 v\u00e0 quy\u1ec1n h\u1ea1n c\u1ee7a CDC H\u1ea3i Ph\u00f2ng<\/title>\n    <style>\n        body {\n            font-family: Arial, sans-serif;\n            background-color: #f4f4f4;\n            margin: 0;\n            padding: 0;\n        }\n\n        section {\n            max-width: 1000px;\n            margin: 10px auto;\n            padding: 20px;\n            background-color: #fff;\n            box-shadow: 0 0 10px rgba(0, 0, 0, 0.1);\n        }\n\n        h1, h2, h3 {\n            color: #333;\n            text-align: center;\n        }\n\n        p, li {\n            line-height: 1.6;\n            color: #555;\n            text-align: justify;\n        }\n\n        p {\n            margin: 10px 0;\n        }\n\n        ul {\n            margin-top: 0;\n            padding-left: 20px;\n            list-style-type: none; \/* B\u1ecf d\u1ea5u ch\u1ea5m c\u1ee7a th\u1ebb li *\/\n        }\n\n        li {\n            margin-bottom: 5px;\n        }\n    <\/style>\n<\/head>\n\n<body>\n    <section>\n        <h2>Ch\u1ee9c n\u0103ng, nhi\u1ec7m v\u1ee5 v\u00e0 quy\u1ec1n h\u1ea1n c\u1ee7a CDC H\u1ea3i Ph\u00f2ng<\/h2>\n        <p><strong>I. Ch\u1ee9c n\u0103ng<\/strong><\/p>\n        <p>Trung t\u00e2m Ki\u1ec3m so\u00e1t b\u1ec7nh t\u1eadt th\u00e0nh ph\u1ed1 H\u1ea3i Ph\u00f2ng c\u00f3 ch\u1ee9c n\u0103ng tham m\u01b0u v\u00e0 t\u1ed5 ch\u1ee9c th\u1ef1c hi\u1ec7n c\u00e1c ho\u1ea1t \u0111\u1ed9ng chuy\u00ean m\u00f4n, k\u1ef9 thu\u1eadt, nghi\u1ec7p v\u1ee5 (g\u1ecdi t\u1eaft l\u00e0 c\u00e1c ho\u1ea1t \u0111\u1ed9ng chuy\u00ean m\u00f4n) v\u1ec1 ph\u00f2ng, ch\u1ed1ng d\u1ecbch, b\u1ec7nh truy\u1ec1n nhi\u1ec5m; b\u1ec7nh kh\u00f4ng l\u00e2y nhi\u1ec5m; ph\u00f2ng, ch\u1ed1ng t\u00e1c \u0111\u1ed9ng c\u1ee7a c\u00e1c y\u1ebfu t\u1ed1 nguy c\u01a1 \u1ea3nh h\u01b0\u1edfng t\u1edbi s\u1ee9c kh\u1ecfe; qu\u1ea3n l\u00fd s\u1ee9c kh\u1ecfe c\u1ed9ng \u0111\u1ed3ng; kh\u00e1m ph\u00e1t hi\u1ec7n, \u0111i\u1ec1u tr\u1ecb d\u1ef1 ph\u00f2ng v\u00e0 c\u00e1c d\u1ecbch v\u1ee5 y t\u1ebf kh\u00e1c ph\u00f9 h\u1ee3p v\u1edbi l\u0129nh v\u1ef1c chuy\u00ean m\u00f4n tr\u00ean \u0111\u1ecba b\u00e0n th\u00e0nh ph\u1ed1 theo quy \u0111\u1ecbnh c\u1ee7a ph\u00e1p lu\u1eadt.<\/p>\n        <p><strong>II. Nhi\u1ec7m v\u1ee5 v\u00e0 quy\u1ec1n h\u1ea1n<\/strong><\/p>\n        <ul>\n            <li>1. Th\u1ef1c hi\u1ec7n c\u00e1c ho\u1ea1t \u0111\u1ed9ng chuy\u00ean m\u00f4n, ch\u1ec9 \u0111\u1ea1o, h\u01b0\u1edbng d\u1eabn, qu\u1ea3n l\u00fd, ki\u1ec3m tra, gi\u00e1m s\u00e1t ph\u00f2ng, ch\u1ed1ng d\u1ecbch, b\u1ec7nh truy\u1ec1n nhi\u1ec5m, HIV\/AIDS, b\u1ec7nh do k\u00fd sinh tr\u00f9ng, b\u1ec7nh truy\u1ec1n qua c\u00f4n tr\u00f9ng, b\u1ec7nh truy\u1ec1n qua th\u1ef1c ph\u1ea9m, b\u1ec7nh l\u00e2y truy\u1ec1n t\u1eeb \u0111\u1ed9ng v\u1eadt sang ng\u01b0\u1eddi, b\u1ec7nh m\u1edbi n\u1ed5i; theo d\u00f5i di\u1ec5n bi\u1ebfn, d\u1ef1 b\u00e1o t\u00ecnh h\u00ecnh d\u1ecbch, b\u1ec7nh; \u0111\u00e1p \u1ee9ng t\u00ecnh tr\u1ea1ng kh\u1ea9n c\u1ea5p v\u1ec1 d\u1ecbch, b\u1ec7nh v\u00e0 c\u00e1c s\u1ef1 ki\u1ec7n y t\u1ebf c\u00f4ng c\u1ed9ng; qu\u1ea3n l\u00fd, s\u1eed d\u1ee5ng v\u1eafc xin, sinh ph\u1ea9m y t\u1ebf, ti\u00eam ch\u1ee7ng.<\/li>\n            <li>2. Th\u1ef1c hi\u1ec7n c\u00e1c ho\u1ea1t \u0111\u1ed9ng chuy\u00ean m\u00f4n, ch\u1ec9 \u0111\u1ea1o, h\u01b0\u1edbng d\u1eabn, qu\u1ea3n l\u00fd, ki\u1ec3m tra, gi\u00e1m s\u00e1t ph\u00f2ng, ch\u1ed1ng b\u1ec7nh kh\u00f4ng l\u00e2y nhi\u1ec5m (c\u00e1c b\u1ec7nh ung th\u01b0, tim m\u1ea1ch, \u0111\u00e1i th\u00e1o \u0111\u01b0\u1eddng, ph\u1ed5i t\u1eafc ngh\u1ebdn m\u1ea1n t\u00ednh, hen ph\u1ebf qu\u1ea3n, t\u00e2m th\u1ea7n v\u00e0 c\u00e1c b\u1ec7nh kh\u00f4ng l\u00e2y nhi\u1ec5m kh\u00e1c), b\u1ec7nh do r\u1ed1i lo\u1ea1n chuy\u1ec3n h\u00f3a, b\u1ec7nh ngh\u1ec1 nghi\u1ec7p; s\u1ee9c kh\u1ecfe tr\u01b0\u1eddng h\u1ecdc, b\u1ec7nh, t\u1eadt h\u1ecdc \u0111\u01b0\u1eddng; t\u00e1c \u0111\u1ed9ng c\u1ee7a c\u00e1c y\u1ebfu t\u1ed1 nguy c\u01a1 v\u00e0 t\u00ecnh tr\u1ea1ng ti\u1ec1n b\u1ec7nh; t\u1ea7m so\u00e1t, s\u00e0ng l\u1ecdc, qu\u1ea3n l\u00fd c\u00e1c b\u1ec7nh kh\u00f4ng l\u00e2y nhi\u1ec5m t\u1ea1i c\u1ed9ng \u0111\u1ed3ng.<\/li>\n            <li>3. Th\u1ef1c hi\u1ec7n c\u00e1c ho\u1ea1t \u0111\u1ed9ng chuy\u00ean m\u00f4n, ch\u1ec9 \u0111\u1ea1o, h\u01b0\u1edbng d\u1eabn, qu\u1ea3n l\u00fd, ki\u1ec3m tra gi\u00e1m s\u00e1t ph\u00f2ng, ch\u1ed1ng r\u1ed1i lo\u1ea1n dinh d\u01b0\u1ee1ng, vi ch\u1ea5t dinh d\u01b0\u1ee1ng; dinh d\u01b0\u1ee1ng ti\u1ebft ch\u1ebf, dinh d\u01b0\u1ee1ng trong ph\u00f2ng ch\u1ed1ng c\u00e1c b\u1ec7nh kh\u00f4ng l\u00e2y nhi\u1ec5m; c\u1ea3i thi\u1ec7n t\u00ecnh tr\u1ea1ng dinh d\u01b0\u1ee1ng b\u00e0 m\u1eb9, tr\u1ebb em, dinh d\u01b0\u1ee1ng c\u1ed9ng \u0111\u1ed3ng; ph\u1ed1i h\u1ee3p th\u1ef1c hi\u1ec7n c\u00e1c ho\u1ea1t \u0111\u1ed9ng n\u00e2ng cao t\u1ea7m v\u00f3c v\u00e0 th\u1ec3 tr\u1ea1ng con ng\u01b0\u1eddi Vi\u1ec7t Nam.<\/li>\n            <li>4. Th\u1ef1c hi\u1ec7n c\u00e1c ho\u1ea1t \u0111\u1ed9ng chuy\u00ean m\u00f4n, ch\u1ec9 \u0111\u1ea1o, h\u01b0\u1edbng d\u1eabn, qu\u1ea3n l\u00fd, ki\u1ec3m tra gi\u00e1m s\u00e1t ph\u00f2ng, ch\u1ed1ng c\u00e1c y\u1ebfu t\u1ed1 m\u00f4i tr\u01b0\u1eddng, bi\u1ebfn \u0111\u1ed5i kh\u00ed h\u1eadu t\u00e1c \u0111\u1ed9ng t\u1edbi s\u1ee9c kh\u1ecfe c\u1ed9ng \u0111\u1ed3ng; b\u1ea3o v\u1ec7 m\u00f4i tr\u01b0\u1eddng \u0111\u1ed1i v\u1edbi c\u00e1c c\u01a1 s\u1edf y t\u1ebf, m\u00f4i tr\u01b0\u1eddng \u0111i\u1ec1u ki\u1ec7n v\u1ec7 sinh lao \u0111\u1ed9ng, m\u00f4i tr\u01b0\u1eddng \u0111i\u1ec1u ki\u1ec7n v\u1ec7 sinh tr\u01b0\u1eddng h\u1ecdc; ch\u1ea5t l\u01b0\u1ee3ng n\u01b0\u1edbc \u0103n u\u1ed1ng v\u00e0 n\u01b0\u1edbc sinh ho\u1ea1t; v\u1ec7 sinh nh\u00e0 ti\u00eau h\u1ed9 gia \u0111\u00ecnh; tham gia c\u00e1c ho\u1ea1t \u0111\u1ed9ng ph\u00f2ng ch\u1ed1ng thi\u00ean tai th\u1ea3m h\u1ecda, tai n\u1ea1n th\u01b0\u01a1ng t\u00edch; ph\u1ed1i h\u1ee3p h\u01b0\u1edbng d\u1eabn v\u1ec7 sinh trong ho\u1ea1t \u0111\u1ed9ng mai t\u00e1ng, h\u1ecfa t\u00e1ng.<\/li>\n            <li>5. Th\u1ef1c hi\u1ec7n c\u00e1c ho\u1ea1t \u0111\u1ed9ng chuy\u00ean m\u00f4n, ch\u1ec9 \u0111\u1ea1o, h\u01b0\u1edbng d\u1eabn, qu\u1ea3n l\u00fd, ki\u1ec3m tra, gi\u00e1m s\u00e1t c\u00e1c nhi\u1ec7m v\u1ee5 chuy\u00ean m\u00f4n, k\u1ef9 thu\u1eadt v\u1ec1 s\u1ee9c kh\u1ecfe sinh s\u1ea3n; ch\u0103m s\u00f3c s\u1ee9c kh\u1ecfe ph\u1ee5 n\u1eef, b\u00e0 m\u1eb9; s\u1ee9c kh\u1ecfe tr\u1ebb s\u01a1 sinh, tr\u1ebb em; s\u1ee9c kh\u1ecfe sinh s\u1ea3n v\u1ecb th\u00e0nh ni\u00ean, thanh ni\u00ean, nam gi\u1edbi v\u00e0 ng\u01b0\u1eddi cao tu\u1ed5i; d\u1ecbch v\u1ee5 k\u1ebf ho\u1ea1ch h\u00f3a gia \u0111\u00ecnh; ph\u00e1 thai an to\u00e0n theo ph\u1ea1m vi chuy\u00ean m\u00f4n k\u1ef9 thu\u1eadt \u0111\u01b0\u1ee3c ph\u00ea duy\u1ec7t; ph\u00f2ng, ch\u1ed1ng nhi\u1ec5m khu\u1ea9n v\u00e0 ung th\u01b0 \u0111\u01b0\u1eddng sinh s\u1ea3n; ph\u1ed1i h\u1ee3p ph\u00f2ng, ch\u1ed1ng b\u1ec7nh l\u00e2y truy\u1ec1n qua \u0111\u01b0\u1eddng t\u00ecnh d\u1ee5c.<\/li>\n            <li>6. Th\u1ef1c hi\u1ec7n c\u00e1c ho\u1ea1t \u0111\u1ed9ng chuy\u00ean m\u00f4n, ch\u1ec9 \u0111\u1ea1o, h\u01b0\u1edbng d\u1eabn, qu\u1ea3n l\u00fd, ki\u1ec3m tra, gi\u00e1m s\u00e1t qu\u1ea3n l\u00fd s\u1ee9c kh\u1ecfe c\u1ed9ng \u0111\u1ed3ng, s\u1ee9c kh\u1ecfe ng\u01b0\u1eddi cao tu\u1ed5i, s\u1ee9c kh\u1ecfe ng\u01b0\u1eddi lao \u0111\u1ed9ng; th\u1ef1c hi\u1ec7n c\u00e1c ho\u1ea1t \u0111\u1ed9ng qu\u1ea3n l\u00fd s\u1ee9c kh\u1ecfe h\u1ed9 gia \u0111\u00ecnh theo ph\u00e2n c\u00f4ng, ph\u00e2n c\u1ea5p.<\/li>\n            <li>7. Ph\u1ed1i h\u1ee3p th\u1ef1c hi\u1ec7n c\u00e1c ho\u1ea1t \u0111\u1ed9ng ph\u00f2ng, ch\u1ed1ng ng\u1ed9 \u0111\u1ed9c th\u1ef1c ph\u1ea9m; tham gia th\u1ea9m \u0111\u1ecbnh c\u01a1 s\u1edf \u0111\u1ee7 \u0111i\u1ec1u ki\u1ec7n s\u1ea3n xu\u1ea5t, kinh doanh th\u1ef1c ph\u1ea9m; tham gia thanh tra, ki\u1ec3m tra c\u00e1c c\u01a1 s\u1edf s\u1ea3n xu\u1ea5t, kinh doanh th\u1ef1c ph\u1ea9m, d\u1ecbch v\u1ee5 \u0103n u\u1ed1ng trong vi\u1ec7c b\u1ea3o \u0111\u1ea3m an to\u00e0n th\u1ef1c ph\u1ea9m theo quy \u0111\u1ecbnh c\u1ee7a ph\u00e1p lu\u1eadt v\u00e0 th\u1ef1c hi\u1ec7n c\u00e1c nhi\u1ec7m v\u1ee5 kh\u00e1c v\u1ec1 an to\u00e0n th\u1ef1c ph\u1ea9m theo ph\u00e2n c\u00f4ng, ph\u00e2n c\u1ea5p v\u00e0 quy \u0111\u1ecbnh c\u1ee7a ph\u00e1p lu\u1eadt.<\/li>\n            <li>8. Th\u1ef1c hi\u1ec7n kh\u00e1m s\u00e0ng l\u1ecdc, ph\u00e1t hi\u1ec7n b\u1ec7nh v\u00e0 \u0111i\u1ec1u tr\u1ecb d\u1ef1 ph\u00f2ng theo quy \u0111\u1ecbnh; t\u01b0 v\u1ea5n d\u1ef1 ph\u00f2ng \u0111i\u1ec1u tr\u1ecb b\u1ec7nh; d\u1ef1 ph\u00f2ng, \u0111i\u1ec1u tr\u1ecb v\u00f4 sinh; \u0111i\u1ec1u tr\u1ecb nghi\u1ec7n theo quy \u0111\u1ecbnh c\u1ee7a ph\u00e1p lu\u1eadt; s\u01a1 c\u1ee9u, c\u1ea5p c\u1ee9u, chuy\u1ec3n tuy\u1ebfn v\u00e0 th\u1ef1c hi\u1ec7n c\u00e1c k\u1ef9 thu\u1eadt, th\u1ee7 thu\u1eadt chuy\u00ean m\u00f4n; kh\u00e1m s\u1ee9c kh\u1ecfe \u0111\u1ecbnh k\u1ef3, c\u1ea5p gi\u1ea5y ch\u1ee9ng nh\u1eadn s\u1ee9c kh\u1ecfe theo quy \u0111\u1ecbnh c\u1ee7a c\u1ea5p c\u00f3 th\u1ea9m quy\u1ec1n v\u00e0 quy \u0111\u1ecbnh c\u1ee7a ph\u00e1p lu\u1eadt; k\u00fd h\u1ee3p \u0111\u1ed3ng v\u1edbi c\u01a1 quan b\u1ea3o hi\u1ec3m x\u00e3 h\u1ed9i \u0111\u1ec3 t\u1ed5 ch\u1ee9c th\u1ef1c hi\u1ec7n c\u00e1c d\u1ecbch v\u1ee5 y t\u1ebf ph\u00f9 h\u1ee3p v\u1edbi l\u0129nh v\u1ef1c chuy\u00ean m\u00f4n theo quy \u0111\u1ecbnh c\u1ee7a ph\u00e1p lu\u1eadt.<\/li>\n            <li>9. Th\u1ef1c hi\u1ec7n ki\u1ec3m nghi\u1ec7m an to\u00e0n th\u1ef1c ph\u1ea9m; x\u00e9t nghi\u1ec7m, ch\u1ea9n \u0111o\u00e1n h\u00ecnh \u1ea3nh th\u0103m d\u00f2 ch\u1ee9c n\u0103ng ph\u1ee5c v\u1ee5 cho ho\u1ea1t \u0111\u1ed9ng chuy\u00ean m\u00f4n, k\u1ef9 thu\u1eadt theo ch\u1ee9c n\u0103ng, nhi\u1ec7m v\u1ee5 c\u1ee7a Trung t\u00e2m v\u00e0 th\u1ef1c hi\u1ec7n c\u00e1c bi\u1ec7n ph\u00e1p b\u1ea3o \u0111\u1ea3m an to\u00e0n sinh h\u1ecdc ph\u00f2ng x\u00e9t nghi\u1ec7m theo quy \u0111\u1ecbnh c\u1ee7a ph\u00e1p lu\u1eadt.<\/li>\n            <li>10. Th\u1ef1c hi\u1ec7n c\u00e1c ho\u1ea1t \u0111\u1ed9ng chuy\u00ean m\u00f4n, ch\u1ec9 \u0111\u1ea1o, h\u01b0\u1edbng d\u1eabn, qu\u1ea3n l\u00fd, ki\u1ec3m tra, gi\u00e1m s\u00e1t truy\u1ec1n th\u00f4ng nguy c\u01a1, truy\u1ec1n th\u00f4ng thay \u0111\u1ed5i h\u00e0nh vi theo h\u01b0\u1edbng c\u00f3 l\u1ee3i cho s\u1ee9c kh\u1ecfe, truy\u1ec1n th\u00f4ng v\u1eadn \u0111\u1ed9ng v\u00e0 n\u00e2ng cao s\u1ee9c kh\u1ecfe nh\u00e2n d\u00e2n; x\u00e2y d\u1ef1ng t\u00e0i li\u1ec7u truy\u1ec1n th\u00f4ng; cung c\u1ea5p th\u00f4ng tin v\u00e0 ph\u1ed1i h\u1ee3p v\u1edbi c\u01a1 quan, t\u1ed5 ch\u1ee9c, c\u00e1 nh\u00e2n c\u00f3 li\u00ean quan trong tuy\u00ean truy\u1ec1n \u0111\u01b0\u1eddng l\u1ed1i, ch\u1ee7 tr\u01b0\u01a1ng, ch\u00ednh s\u00e1ch c\u1ee7a \u0110\u1ea3ng, Nh\u00e0 n\u01b0\u1edbc v\u1ec1 c\u00f4ng t\u00e1c y t\u1ebf.<\/li>\n            <li>11. Th\u1ef1c hi\u1ec7n vi\u1ec7c ti\u1ebfp nh\u1eadn, s\u1eed d\u1ee5ng, cung \u1ee9ng, b\u1ea3o qu\u1ea3n, c\u1ea5p ph\u00e1t v\u00e0 ch\u1ec9 \u0111\u1ea1o, ki\u1ec3m tra, gi\u00e1m s\u00e1t vi\u1ec7c s\u1eed d\u1ee5ng thu\u1ed1c, v\u1eafc xin, sinh ph\u1ea9m y t\u1ebf, h\u00f3a ch\u1ea5t, trang thi\u1ebft b\u1ecb, v\u1eadt t\u01b0, ph\u01b0\u01a1ng ti\u1ec7n ph\u1ee5c v\u1ee5 ho\u1ea1t \u0111\u1ed9ng chuy\u00ean m\u00f4n; h\u00f3a ch\u1ea5t v\u00e0 ch\u1ebf ph\u1ea9m di\u1ec7t c\u00f4n tr\u00f9ng, di\u1ec7t khu\u1ea9n d\u00f9ng trong l\u0129nh v\u1ef1c gia d\u1ee5ng v\u00e0 y t\u1ebf theo ph\u00e2n c\u00f4ng, ph\u00e2n c\u1ea5p c\u1ee7a S\u1edf Y t\u1ebf v\u00e0 theo quy \u0111\u1ecbnh c\u1ee7a ph\u00e1p lu\u1eadt.<\/li>\n            <li>12. L\u00e0 \u0111\u01a1n v\u1ecb th\u01b0\u1eddng tr\u1ef1c c\u1ee7a S\u1edf Y t\u1ebf v\u1ec1 \u0111\u00e1p \u1ee9ng t\u00ecnh tr\u1ea1ng kh\u1ea9n c\u1ea5p v\u1edbi d\u1ecbch, b\u1ec7nh, c\u00e1c s\u1ef1 ki\u1ec7n y t\u1ebf c\u00f4ng c\u1ed9ng, ph\u00f2ng, ch\u1ed1ng AIDS, t\u1ec7 n\u1ea1n ma t\u00fay m\u1ea1i d\u00e2m; tri\u1ec3n khai th\u1ef1c hi\u1ec7n c\u00e1c d\u1ef1 \u00e1n, ch\u01b0\u01a1ng tr\u00ecnh trong n\u01b0\u1edbc v\u00e0 h\u1ee3p t\u00e1c qu\u1ed1c t\u1ebf li\u00ean quan \u0111\u1ebfn y t\u1ebf theo ph\u00e2n c\u00f4ng, ph\u00e2n c\u1ea5p c\u1ee7a S\u1edf Y t\u1ebf v\u00e0 quy \u0111\u1ecbnh c\u1ee7a ph\u00e1p lu\u1eadt.<\/li>\n            <li>13. T\u1ed5 ch\u1ee9c \u0111\u00e0o t\u1ea1o, \u0111\u00e0o t\u1ea1o li\u00ean t\u1ee5c cho \u0111\u1ed9i ng\u0169 vi\u00ean ch\u1ee9c thu\u1ed9c th\u1ea9m quy\u1ec1n qu\u1ea3n l\u00fd theo quy \u0111\u1ecbnh; t\u1eadp hu\u1ea5n, b\u1ed3i d\u01b0\u1ee1ng c\u1eadp nh\u1eadt ki\u1ebfn th\u1ee9c chuy\u00ean m\u00f4n, nghi\u1ec7p v\u1ee5 thu\u1ed9c l\u0129nh v\u1ef1c ph\u1ee5 tr\u00e1ch theo ph\u00e2n c\u00f4ng, ph\u00e2n c\u1ea5p c\u1ee7a S\u1edf Y t\u1ebf; c\u1eadp nh\u1eadt ki\u1ebfn th\u1ee9c y khoa li\u00ean t\u1ee5c cho ng\u01b0\u1eddi h\u00e0nh ngh\u1ec1 kh\u00e1m b\u1ec7nh, ch\u1eefa b\u1ec7nh; l\u00e0 c\u01a1 s\u1edf th\u1ef1c h\u00e0nh trong \u0111\u00e0o t\u1ea1o kh\u1ed1i ng\u00e0nh s\u1ee9c kh\u1ecfe theo quy \u0111\u1ecbnh c\u1ee7a ph\u00e1p lu\u1eadt.<\/li>\n            <li>14. Nghi\u00ean c\u1ee9u v\u00e0 tham gia nghi\u00ean c\u1ee9u khoa h\u1ecdc, \u1ee9ng d\u1ee5ng c\u00e1c ti\u1ebfn b\u1ed9 khoa h\u1ecdc, k\u1ef9 thu\u1eadt, c\u00f4ng ngh\u1ec7 th\u00f4ng tin v\u1ec1 l\u0129nh v\u1ef1c chuy\u00ean m\u00f4n; th\u1ef1c hi\u1ec7n c\u00f4ng t\u00e1c ch\u1ec9 \u0111\u1ea1o tuy\u1ebfn, h\u01b0\u1edbng d\u1eabn v\u1ec1 chuy\u00ean m\u00f4n k\u1ef9 thu\u1eadt thu\u1ed9c l\u0129nh v\u1ef1c ph\u1ee5 tr\u00e1ch theo ph\u00e2n c\u00f4ng, ph\u00e2n c\u1ea5p c\u1ee7a S\u1edf Y t\u1ebf.<\/li>\n            <li>15. Th\u1ef1c hi\u1ec7n c\u00e1c ch\u1ebf \u0111\u1ed9 th\u1ed1ng k\u00ea, b\u00e1o c\u00e1o theo quy \u0111\u1ecbnh c\u1ee7a ph\u00e1p lu\u1eadt.<\/li>\n            <li>16. Qu\u1ea3n l\u00fd nh\u00e2n l\u1ef1c, t\u00e0i ch\u00ednh, t\u00e0i s\u1ea3n theo ph\u00e2n c\u00f4ng, ph\u00e2n c\u1ea5p v\u00e0 theo quy \u0111\u1ecbnh c\u1ee7a ph\u00e1p lu\u1eadt.<\/li>\n            <li>17. Th\u1ef1c hi\u1ec7n c\u00e1c nhi\u1ec7m v\u1ee5, quy\u1ec1n h\u1ea1n kh\u00e1c do Gi\u00e1m \u0111\u1ed1c S\u1edf Y t\u1ebf giao v\u00e0 theo quy \u0111\u1ecbnh c\u1ee7a ph\u00e1p lu\u1eadt.<\/li>\n        <\/ul>\n    <\/section>\n<\/body>\n\n<\/html>\n<\/div><\/div><\/div><\/div><\/div><\/div><\/div><\/div>","protected":false},"excerpt":{"rendered":"","protected":false},"author":1,"featured_media":0,"parent":0,"menu_order":0,"comment_status":"closed","ping_status":"closed","template":"","meta":{"tdm_status":"","tdm_grid_status":"","footnotes":""},"class_list":["post-23239","page","type-page","status-publish"],"_links":{"self":[{"href":"https:\/\/cdchaiphong.gov.vn\/index.php\/wp-json\/wp\/v2\/pages\/23239","targetHints":{"allow":["GET"]}}],"collection":[{"href":"https:\/\/cdchaiphong.gov.vn\/index.php\/wp-json\/wp\/v2\/pages"}],"about":[{"href":"https:\/\/cdchaiphong.gov.vn\/index.php\/wp-json\/wp\/v2\/types\/page"}],"author":[{"embeddable":true,"href":"https:\/\/cdchaiphong.gov.vn\/index.php\/wp-json\/wp\/v2\/users\/1"}],"replies":[{"embeddable":true,"href":"https:\/\/cdchaiphong.gov.vn\/index.php\/wp-json\/wp\/v2\/comments?post=23239"}],"version-history":[{"count":2,"href":"https:\/\/cdchaiphong.gov.vn\/index.php\/wp-json\/wp\/v2\/pages\/23239\/revisions"}],"predecessor-version":[{"id":23248,"href":"https:\/\/cdchaiphong.gov.vn\/index.php\/wp-json\/wp\/v2\/pages\/23239\/revisions\/23248"}],"wp:attachment":[{"href":"https:\/\/cdchaiphong.gov.vn\/index.php\/wp-json\/wp\/v2\/media?parent=23239"}],"curies":[{"name":"wp","href":"https:\/\/api.w.org\/{rel}","templated":true}]}}